{"id":20,"date":"2025-11-07T09:59:04","date_gmt":"2025-11-07T08:59:04","guid":{"rendered":"https:\/\/antiatom.myfinal.at\/?page_id=20"},"modified":"2025-12-30T16:41:09","modified_gmt":"2025-12-30T15:41:09","slug":"eaan","status":"publish","type":"page","link":"https:\/\/antiatom.myfinal.at\/?page_id=20","title":{"rendered":"EAAN &#8211; Europ\u00e4isches Anti Atom Netzwerk"},"content":{"rendered":"\n<figure class=\"wp-block-image aligncenter size-full is-resized\"><img loading=\"lazy\" decoding=\"async\" width=\"850\" height=\"340\" src=\"https:\/\/antiatom.myfinal.at\/wp-content\/uploads\/2025\/12\/eaan.png\" alt=\"\" class=\"wp-image-488\" style=\"width:673px;height:auto\" srcset=\"https:\/\/antiatom.myfinal.at\/wp-content\/uploads\/2025\/12\/eaan.png 850w, https:\/\/antiatom.myfinal.at\/wp-content\/uploads\/2025\/12\/eaan-300x120.png 300w, https:\/\/antiatom.myfinal.at\/wp-content\/uploads\/2025\/12\/eaan-768x307.png 768w\" sizes=\"auto, (max-width: 850px) 100vw, 850px\" \/><\/figure>\n\n\n\n<p>Das Europ\u00e4ische Anti-Atom-Netzwerk bildet eine Br\u00fccke zwischen Personen, Gruppen, Vereinen und Organisationen mit einem gemeinsamen Ziel: dem Ausstieg aus der Kernenergie in Europa und der F\u00f6rderung erneuerbarer Energie. <\/p>\n\n\n\n<h4 class=\"wp-block-heading\">Beteiligte<\/h4>\n\n\n\n<ul class=\"wp-block-list\">\n<li>Waldviertler Energiestammtisch<\/li>\n\n\n\n<li>Wiener Plattform Atomkraftfrei<\/li>\n\n\n\n<li>Aarhus Konvention Initiative<\/li>\n\n\n\n<li>BI kein Endlager im Fichtelgebirge<\/li>\n\n\n\n<li>SES \u2013 Schweizerische Energiestiftung<\/li>\n\n\n\n<li>Dalibor Str\u00e1sk\u00fd, Anti Atombeauftragter des Land O\u00d6<\/li>\n\n\n\n<li>Green City e.V., M\u00fcnchen<\/li>\n\n\n\n<li>BI gegen atomare Anlagen, Weiden<\/li>\n\n\n\n<li>Martin Litschauer<\/li>\n\n\n\n<li>Begegnungszentrum f\u00fcr aktive Gewaltlosigkeit<\/li>\n\n\n\n<li>ARGE Ja zur Umwelt, nein zur Atomenergie<\/li>\n\n\n\n<li>IG Windkraft \u00d6sterreich<\/li>\n\n\n\n<li>ISAD<\/li>\n\n\n\n<li>und viele mehr!<\/li>\n<\/ul>\n","protected":false},"excerpt":{"rendered":"<p>Das Europ\u00e4ische Anti-Atom-Netzwerk bildet eine Br\u00fccke zwischen Personen, Gruppen, Vereinen und Organisationen mit einem gemeinsamen Ziel: dem Ausstieg aus der [&hellip;]<\/p>\n","protected":false},"author":1,"featured_media":0,"parent":18,"menu_order":0,"comment_status":"closed","ping_status":"closed","template":"","meta":{"site-sidebar-layout":"default","site-content-layout":"","ast-site-content-layout":"default","site-content-style":"default","site-sidebar-style":"default","ast-global-header-display":"","ast-banner-title-visibility":"","ast-main-header-display":"","ast-hfb-above-header-display":"","ast-hfb-below-header-display":"","ast-hfb-mobile-header-display":"","site-post-title":"","ast-breadcrumbs-content":"","ast-featured-img":"","footer-sml-layout":"","theme-transparent-header-meta":"","adv-header-id-meta":"","stick-header-meta":"","header-above-stick-meta":"","header-main-stick-meta":"","header-below-stick-meta":"","astra-migrate-meta-layouts":"default","ast-page-background-enabled":"default","ast-page-background-meta":{"desktop":{"background-color":"var(--ast-global-color-5)","background-image":"","background-repeat":"repeat","background-position":"center center","background-size":"auto","background-attachment":"scroll","background-type":"","background-media":"","overlay-type":"","overlay-color":"","overlay-opacity":"","overlay-gradient":""},"tablet":{"background-color":"","background-image":"","background-repeat":"repeat","background-position":"center center","background-size":"auto","background-attachment":"scroll","background-type":"","background-media":"","overlay-type":"","overlay-color":"","overlay-opacity":"","overlay-gradient":""},"mobile":{"background-color":"","background-image":"","background-repeat":"repeat","background-position":"center center","background-size":"auto","background-attachment":"scroll","background-type":"","background-media":"","overlay-type":"","overlay-color":"","overlay-opacity":"","overlay-gradient":""}},"ast-content-background-meta":{"desktop":{"background-color":"var(--ast-global-color-4)","background-image":"","background-repeat":"repeat","background-position":"center center","background-size":"auto","background-attachment":"scroll","background-type":"","background-media":"","overlay-type":"","overlay-color":"","overlay-opacity":"","overlay-gradient":""},"tablet":{"background-color":"var(--ast-global-color-4)","background-image":"","background-repeat":"repeat","background-position":"center center","background-size":"auto","background-attachment":"scroll","background-type":"","background-media":"","overlay-type":"","overlay-color":"","overlay-opacity":"","overlay-gradient":""},"mobile":{"background-color":"var(--ast-global-color-4)","background-image":"","background-repeat":"repeat","background-position":"center center","background-size":"auto","background-attachment":"scroll","background-type":"","background-media":"","overlay-type":"","overlay-color":"","overlay-opacity":"","overlay-gradient":""}},"footnotes":""},"class_list":["post-20","page","type-page","status-publish","hentry"],"_links":{"self":[{"href":"https:\/\/antiatom.myfinal.at\/index.php?rest_route=\/wp\/v2\/pages\/20","targetHints":{"allow":["GET"]}}],"collection":[{"href":"https:\/\/antiatom.myfinal.at\/index.php?rest_route=\/wp\/v2\/pages"}],"about":[{"href":"https:\/\/antiatom.myfinal.at\/index.php?rest_route=\/wp\/v2\/types\/page"}],"author":[{"embeddable":true,"href":"https:\/\/antiatom.myfinal.at\/index.php?rest_route=\/wp\/v2\/users\/1"}],"replies":[{"embeddable":true,"href":"https:\/\/antiatom.myfinal.at\/index.php?rest_route=%2Fwp%2Fv2%2Fcomments&post=20"}],"version-history":[{"count":6,"href":"https:\/\/antiatom.myfinal.at\/index.php?rest_route=\/wp\/v2\/pages\/20\/revisions"}],"predecessor-version":[{"id":964,"href":"https:\/\/antiatom.myfinal.at\/index.php?rest_route=\/wp\/v2\/pages\/20\/revisions\/964"}],"up":[{"embeddable":true,"href":"https:\/\/antiatom.myfinal.at\/index.php?rest_route=\/wp\/v2\/pages\/18"}],"wp:attachment":[{"href":"https:\/\/antiatom.myfinal.at\/index.php?rest_route=%2Fwp%2Fv2%2Fmedia&parent=20"}],"curies":[{"name":"wp","href":"https:\/\/api.w.org\/{rel}","templated":true}]}}