{"id":46,"date":"2025-11-07T10:00:44","date_gmt":"2025-11-07T09:00:44","guid":{"rendered":"https:\/\/antiatom.myfinal.at\/?page_id=46"},"modified":"2025-12-17T12:56:34","modified_gmt":"2025-12-17T11:56:34","slug":"die-wanderausstellung","status":"publish","type":"page","link":"https:\/\/antiatom.myfinal.at\/?page_id=46","title":{"rendered":"Die Wanderausstellung"},"content":{"rendered":"\n<p class=\"has-text-align-left\">Unsere Wanderausstellung informiert anschaulich, kompakt und verst\u00e4ndlich \u00fcber zentrale Fragen rund um die Nutzung der Kernenergie. Sie besteht aus modernen Roll-Ups, die platzsparend, schnell auf- und abbaubar sowie leicht zu transportieren sind. Damit eignet sich die Ausstellung ideal f\u00fcr Bildungseinrichtungen und den \u00f6ffentlichen Raum.<\/p>\n\n\n\n<hr class=\"wp-block-separator has-alpha-channel-opacity\"\/>\n\n\n\n<h4 class=\"wp-block-heading\">Themen\u00fcbersicht<\/h4>\n\n\n\n<details class=\"wp-block-details is-layout-flow wp-block-details-is-layout-flow\"><summary><strong>AKWs rund um \u00d6sterreich<\/strong><\/summary>\n<p>Wo befinden sich die Atomkraftwerke in unserer Nachbarschaft und welche Risiken bestehen?<br><br><strong><a href=\"https:\/\/antiatom.myfinal.at\/wp-content\/uploads\/2025\/12\/AKWs-1.pdf\" target=\"_blank\" rel=\"noreferrer noopener\">Download<\/a><\/strong><\/p>\n\n\n\n<div style=\"height:20px\" aria-hidden=\"true\" class=\"wp-block-spacer\"><\/div>\n<\/details>\n\n\n\n<details class=\"wp-block-details is-layout-flow wp-block-details-is-layout-flow\"><summary><strong>Das System Atomkraft<\/strong><\/summary>\n<p>Warum Atomkraft trotz EU-Taxonomie nicht als nachhaltige Energieform gelten kann.<br><br><strong><a href=\"https:\/\/antiatom.myfinal.at\/wp-content\/uploads\/2025\/12\/system-1.pdf\" target=\"_blank\" rel=\"noreferrer noopener\">Download<\/a><\/strong><\/p>\n\n\n\n<div style=\"height:20px\" aria-hidden=\"true\" class=\"wp-block-spacer\"><\/div>\n<\/details>\n\n\n\n<details class=\"wp-block-details is-layout-flow wp-block-details-is-layout-flow\"><summary><strong>Endlager<\/strong><\/summary>\n<p>Wie wird mit dem hochradioaktiven Abfall umgegangen und welche Herausforderungen bestehen bei der Endlagerung?<br><br><strong><a href=\"https:\/\/antiatom.myfinal.at\/wp-content\/uploads\/2025\/12\/endlager-1.pdf\">Download<\/a><\/strong><\/p>\n\n\n\n<div style=\"height:20px\" aria-hidden=\"true\" class=\"wp-block-spacer\"><\/div>\n<\/details>\n\n\n\n<details class=\"wp-block-details is-layout-flow wp-block-details-is-layout-flow\"><summary><strong>Mit Energie haushalten<\/strong><\/summary>\n<p>Wie kann jeder Einzelne im Alltag Energie effizienter nutzen und gleichzeitig Geld sparen?<br><br><strong><a href=\"https:\/\/antiatom.myfinal.at\/wp-content\/uploads\/2025\/12\/02_Energie-3.pdf\" target=\"_blank\" rel=\"noreferrer noopener\">Download<\/a><\/strong><\/p>\n\n\n\n<div style=\"height:20px\" aria-hidden=\"true\" class=\"wp-block-spacer\"><\/div>\n<\/details>\n\n\n\n<details class=\"wp-block-details is-layout-flow wp-block-details-is-layout-flow\"><summary><strong>\u00d6kologischer Fu\u00dfabdruck<\/strong><\/summary>\n<p>Welche Auswirkungen haben unser Konsum und unser Energieverhalten auf die Zukunft unseres Planeten?<br><br><strong><a href=\"https:\/\/antiatom.myfinal.at\/wp-content\/uploads\/2025\/12\/footprint-1.pdf\" target=\"_blank\" rel=\"noreferrer noopener\">Download<\/a><\/strong><\/p>\n\n\n\n<div style=\"height:20px\" aria-hidden=\"true\" class=\"wp-block-spacer\"><\/div>\n<\/details>\n\n\n\n<details class=\"wp-block-details is-layout-flow wp-block-details-is-layout-flow\"><summary><strong>Small Modular Reactors &#8211; SMRs<\/strong><\/summary>\n<p>Was steckt hinter den sogenannten &#8222;kleinen AKWs&#8220; und warum sind sie keine neue Erfindung?<br><br><strong><a href=\"https:\/\/antiatom.myfinal.at\/wp-content\/uploads\/2025\/12\/SMR-1.pdf\" target=\"_blank\" rel=\"noreferrer noopener\">Download<\/a><\/strong><\/p>\n\n\n\n<div style=\"height:20px\" aria-hidden=\"true\" class=\"wp-block-spacer\"><\/div>\n<\/details>\n\n\n\n<details class=\"wp-block-details is-layout-flow wp-block-details-is-layout-flow\"><summary><strong>\u00dcber Risiken und Nebenwirkungen<\/strong><\/summary>\n<p>Welche Risiken gibt es allgemein bei der Atomkraft?<br><br><strong><a href=\"https:\/\/antiatom.myfinal.at\/wp-content\/uploads\/2025\/12\/01_Risiken-2.pdf\" target=\"_blank\" rel=\"noreferrer noopener\">Download<\/a><\/strong><\/p>\n\n\n\n<div style=\"height:20px\" aria-hidden=\"true\" class=\"wp-block-spacer\"><\/div>\n<\/details>\n\n\n\n<details class=\"wp-block-details is-layout-flow wp-block-details-is-layout-flow\"><summary><strong>Uranabbau<\/strong><\/summary>\n<p>Welche \u00f6kologischen und sozialen Folgen hat die Gewinnung des Brennstoffs f\u00fcr Atomkraftwerke?<br><br><strong><a href=\"https:\/\/antiatom.myfinal.at\/wp-content\/uploads\/2025\/12\/uran-1.pdf\" target=\"_blank\" rel=\"noreferrer noopener\">Download<\/a><\/strong><\/p>\n\n\n\n<div style=\"height:20px\" aria-hidden=\"true\" class=\"wp-block-spacer\"><\/div>\n<\/details>\n\n\n\n<hr class=\"wp-block-separator has-alpha-channel-opacity\"\/>\n\n\n\n<div style=\"height:20px\" aria-hidden=\"true\" class=\"wp-block-spacer\"><\/div>\n\n\n\n<p>Die Wanderausstellung ist Teil unseres LEADER-Projekts und wurde speziell daf\u00fcr konzipiert, komplexe Themen verst\u00e4ndlich und visuell ansprechend aufzubereiten. Sie bietet wertvolle Denkanst\u00f6\u00dfe, f\u00f6rdert Diskussionen im Unterricht und l\u00e4dt dazu ein, \u00fcber den eigenen Umgang mit Energie nachzudenken.<\/p>\n\n\n\n<p>Die R\u00fcckmeldungen aus Schulen und Gemeinden, in denen unsere Ausstellung bereits gezeigt wurde, sind durchweg positiv. Besonders gesch\u00e4tzt werden die klare Gestaltung, die verst\u00e4ndlichen Inhalte und die M\u00f6glichkeit, das Thema Atomkraft aus unterschiedlichen Perspektiven zu betrachten. <\/p>\n\n\n\n<p>Die R\u00fcckmeldungen aus Schulen und Gemeinden, in denen unsere Ausstellung bereits gezeigt wurde, sind durchweg positiv. Besonders gesch\u00e4tzt werden die klare Gestaltung, die verst\u00e4ndlichen Inhalte und die M\u00f6glichkeit, das Thema Atomkraft aus unterschiedlichen Perspektiven zu betrachten. <\/p>\n\n\n\n<div style=\"height:20px\" aria-hidden=\"true\" class=\"wp-block-spacer\"><\/div>\n\n\n\n<hr class=\"wp-block-separator has-alpha-channel-opacity\"\/>\n\n\n\n<div style=\"height:20px\" aria-hidden=\"true\" class=\"wp-block-spacer\"><\/div>\n\n\n\n<h4 class=\"wp-block-heading\">Interesse?<\/h4>\n\n\n\n<p>Unsere Ausstellung kann nach Vereinbarung ausgeliehen und in Ihrer Einrichtung pr\u00e4sentiert werden. <br>Kontaktieren Sie uns gerne f\u00fcr weitere Informationen, Terminvereinbarungen oder Materialien zur Begleitung des Unterrichts!<\/p>\n\n\n\n<p><\/p>\n","protected":false},"excerpt":{"rendered":"<p>Unsere Wanderausstellung informiert anschaulich, kompakt und verst\u00e4ndlich \u00fcber zentrale Fragen rund um die Nutzung der Kernenergie. Sie besteht aus modernen [&hellip;]<\/p>\n","protected":false},"author":1,"featured_media":0,"parent":36,"menu_order":0,"comment_status":"closed","ping_status":"closed","template":"","meta":{"site-sidebar-layout":"default","site-content-layout":"","ast-site-content-layout":"default","site-content-style":"default","site-sidebar-style":"default","ast-global-header-display":"","ast-banner-title-visibility":"","ast-main-header-display":"","ast-hfb-above-header-display":"","ast-hfb-below-header-display":"","ast-hfb-mobile-header-display":"","site-post-title":"","ast-breadcrumbs-content":"","ast-featured-img":"","footer-sml-layout":"","theme-transparent-header-meta":"","adv-header-id-meta":"","stick-header-meta":"","header-above-stick-meta":"","header-main-stick-meta":"","header-below-stick-meta":"","astra-migrate-meta-layouts":"default","ast-page-background-enabled":"default","ast-page-background-meta":{"desktop":{"background-color":"var(--ast-global-color-5)","background-image":"","background-repeat":"repeat","background-position":"center center","background-size":"auto","background-attachment":"scroll","background-type":"","background-media":"","overlay-type":"","overlay-color":"","overlay-opacity":"","overlay-gradient":""},"tablet":{"background-color":"","background-image":"","background-repeat":"repeat","background-position":"center center","background-size":"auto","background-attachment":"scroll","background-type":"","background-media":"","overlay-type":"","overlay-color":"","overlay-opacity":"","overlay-gradient":""},"mobile":{"background-color":"","background-image":"","background-repeat":"repeat","background-position":"center center","background-size":"auto","background-attachment":"scroll","background-type":"","background-media":"","overlay-type":"","overlay-color":"","overlay-opacity":"","overlay-gradient":""}},"ast-content-background-meta":{"desktop":{"background-color":"var(--ast-global-color-4)","background-image":"","background-repeat":"repeat","background-position":"center center","background-size":"auto","background-attachment":"scroll","background-type":"","background-media":"","overlay-type":"","overlay-color":"","overlay-opacity":"","overlay-gradient":""},"tablet":{"background-color":"var(--ast-global-color-4)","background-image":"","background-repeat":"repeat","background-position":"center center","background-size":"auto","background-attachment":"scroll","background-type":"","background-media":"","overlay-type":"","overlay-color":"","overlay-opacity":"","overlay-gradient":""},"mobile":{"background-color":"var(--ast-global-color-4)","background-image":"","background-repeat":"repeat","background-position":"center center","background-size":"auto","background-attachment":"scroll","background-type":"","background-media":"","overlay-type":"","overlay-color":"","overlay-opacity":"","overlay-gradient":""}},"footnotes":""},"class_list":["post-46","page","type-page","status-publish","hentry"],"_links":{"self":[{"href":"https:\/\/antiatom.myfinal.at\/index.php?rest_route=\/wp\/v2\/pages\/46","targetHints":{"allow":["GET"]}}],"collection":[{"href":"https:\/\/antiatom.myfinal.at\/index.php?rest_route=\/wp\/v2\/pages"}],"about":[{"href":"https:\/\/antiatom.myfinal.at\/index.php?rest_route=\/wp\/v2\/types\/page"}],"author":[{"embeddable":true,"href":"https:\/\/antiatom.myfinal.at\/index.php?rest_route=\/wp\/v2\/users\/1"}],"replies":[{"embeddable":true,"href":"https:\/\/antiatom.myfinal.at\/index.php?rest_route=%2Fwp%2Fv2%2Fcomments&post=46"}],"version-history":[{"count":9,"href":"https:\/\/antiatom.myfinal.at\/index.php?rest_route=\/wp\/v2\/pages\/46\/revisions"}],"predecessor-version":[{"id":685,"href":"https:\/\/antiatom.myfinal.at\/index.php?rest_route=\/wp\/v2\/pages\/46\/revisions\/685"}],"up":[{"embeddable":true,"href":"https:\/\/antiatom.myfinal.at\/index.php?rest_route=\/wp\/v2\/pages\/36"}],"wp:attachment":[{"href":"https:\/\/antiatom.myfinal.at\/index.php?rest_route=%2Fwp%2Fv2%2Fmedia&parent=46"}],"curies":[{"name":"wp","href":"https:\/\/api.w.org\/{rel}","templated":true}]}}